{"id":873,"date":"2025-08-22T11:52:28","date_gmt":"2025-08-22T11:52:28","guid":{"rendered":"https:\/\/munimingaguazu.gov.py\/v7\/?page_id=873"},"modified":"2026-03-18T01:54:54","modified_gmt":"2026-03-18T01:54:54","slug":"presupuesto-ejecuciones","status":"publish","type":"page","link":"https:\/\/munimingaguazu.gov.py\/v7\/presupuesto-ejecuciones\/","title":{"rendered":"Presupuesto y Ejecuciones"},"content":{"rendered":"\t\t<div data-elementor-type=\"wp-page\" data-elementor-id=\"873\" class=\"elementor elementor-873\" data-elementor-post-type=\"page\">\n\t\t\t\t<div class=\"elementor-element elementor-element-8161618 e-flex e-con-boxed e-con e-parent\" data-id=\"8161618\" data-element_type=\"container\" data-settings=\"{&quot;background_background&quot;:&quot;classic&quot;}\">\n\t\t\t\t\t<div class=\"e-con-inner\">\n\t\t\t\t\t<\/div>\n\t\t\t\t<\/div>\n\t\t<div class=\"elementor-element elementor-element-fe1e3e9 e-flex e-con-boxed e-con e-parent\" data-id=\"fe1e3e9\" data-element_type=\"container\">\n\t\t\t\t\t<div class=\"e-con-inner\">\n\t\t\t\t<div class=\"elementor-element elementor-element-eb28c8d elementor-widget elementor-widget-text-editor\" data-id=\"eb28c8d\" data-element_type=\"widget\" data-widget_type=\"text-editor.default\">\n\t\t\t\t<div class=\"elementor-widget-container\">\n\t\t\t\t\t\t\t<h4 style=\"text-align: center;\">Presupuesto<\/h4><p><span style=\"color: #000000;\"><a style=\"color: #000000;\" href=\"https:\/\/munimingaguazu.gov.py\/v7\/wp-content\/uploads\/ley5189\/2026\/Presupuesto 2026.pdf\" target=\"_blank\" rel=\"noopener\" data-wplink-url-error=\"true\" data-wplink-edit=\"true\"><strong><i class=\"fas fa-download\" style=\"color:#EE202E\" aria-hidden=\"true\"><\/i> Presupuesto 2026<\/strong><\/a><\/span><\/p>\t\t\t\t\t\t<\/div>\n\t\t\t\t<\/div>\n\t\t\t\t<div class=\"elementor-element elementor-element-d59497e elementor-widget elementor-widget-text-editor\" data-id=\"d59497e\" data-element_type=\"widget\" data-widget_type=\"text-editor.default\">\n\t\t\t\t<div class=\"elementor-widget-container\">\n\t\t\t\t\t\t\t<h4 style=\"text-align: center;\">Febrero 2026<\/h4><p><span style=\"color: #000000;\"><a style=\"color: #000000;\" href=\"https:\/\/munimingaguazu.gov.py\/v7\/wp-content\/uploads\/ley5189\/2026\/febrero\/d. Presupuesto\/Ejecucion de ingresos.PDF\" target=\"_blank\" rel=\"noopener\" data-wplink-url-error=\"true\"><strong><i class=\"fas fa-download\" style=\"color:#EE202E\" aria-hidden=\"true\"><\/i> Ejecuci\u00f3n de Ingresos<\/strong><\/a><\/span><\/p><p><a href=\"https:\/\/munimingaguazu.gov.py\/v7\/wp-content\/uploads\/ley5189\/2026\/febrero\/d. Presupuesto\/Ejecucion de gastos.PDF\" target=\"_blank\" rel=\"noopener\" data-wplink-url-error=\"true\"><span style=\"color: #000000;\"><strong><i class=\"fas fa-download\" style=\"color:#EE202E\" aria-hidden=\"true\"><\/i> Ejecuci\u00f3n de Gastos<\/strong><\/span><\/a><\/p><p><a href=\"https:\/\/munimingaguazu.gov.py\/v7\/wp-content\/uploads\/ley5189\/2026\/febrero\/d. Presupuesto\/Cuadro de resultados.pdf\" target=\"_blank\" rel=\"noopener\" data-wplink-url-error=\"true\"><span style=\"color: #000000;\"><strong><i class=\"fas fa-download\" style=\"color:#EE202E\" aria-hidden=\"true\"><\/i> Cuadro Resultados<\/strong><\/span><\/a><\/p>\t\t\t\t\t\t<\/div>\n\t\t\t\t<\/div>\n\t\t\t\t<div class=\"elementor-element elementor-element-705857c elementor-widget elementor-widget-text-editor\" data-id=\"705857c\" data-element_type=\"widget\" data-widget_type=\"text-editor.default\">\n\t\t\t\t<div class=\"elementor-widget-container\">\n\t\t\t\t\t\t\t<h4 style=\"text-align: center;\">Enero 2026<\/h4><p><span style=\"color: #000000;\"><a style=\"color: #000000;\" href=\"https:\/\/munimingaguazu.gov.py\/v7\/wp-content\/uploads\/ley5189\/2026\/enero\/d. Presupuesto, ejecuciones\/d. EJECUCION DE INGRESOS.PDF\" target=\"_blank\" rel=\"noopener\" data-wplink-url-error=\"true\"><strong><i class=\"fas fa-download\" style=\"color:#EE202E\" aria-hidden=\"true\"><\/i> Ejecuci\u00f3n de Ingresos<\/strong><\/a><\/span><\/p><p><a href=\"https:\/\/munimingaguazu.gov.py\/v7\/wp-content\/uploads\/ley5189\/2026\/enero\/d. Presupuesto, ejecuciones\/d. EJECUCION DE GASTOS.PDF\" target=\"_blank\" rel=\"noopener\" data-wplink-url-error=\"true\"><span style=\"color: #000000;\"><strong><i class=\"fas fa-download\" style=\"color:#EE202E\" aria-hidden=\"true\"><\/i> Ejecuci\u00f3n de Gastos<\/strong><\/span><\/a><\/p><p><a href=\"https:\/\/munimingaguazu.gov.py\/v7\/wp-content\/uploads\/ley5189\/2026\/enero\/d. Presupuesto, ejecuciones\/d. CUADRO DE RESULTADOS ENERO 2026.pdf\" target=\"_blank\" rel=\"noopener\" data-wplink-url-error=\"true\"><span style=\"color: #000000;\"><strong><i class=\"fas fa-download\" style=\"color:#EE202E\" aria-hidden=\"true\"><\/i> Cuadro Resultados<\/strong><\/span><\/a><\/p>\t\t\t\t\t\t<\/div>\n\t\t\t\t<\/div>\n\t\t\t\t<div class=\"elementor-element elementor-element-14be8b4 elementor-widget elementor-widget-text-editor\" data-id=\"14be8b4\" data-element_type=\"widget\" data-widget_type=\"text-editor.default\">\n\t\t\t\t<div class=\"elementor-widget-container\">\n\t\t\t\t\t\t\t<h4 style=\"text-align: center;\">Presupuesto<\/h4><p><span style=\"color: #000000;\"><a style=\"color: #000000;\" href=\"https:\/\/munimingaguazu.gov.py\/v7\/wp-content\/uploads\/ley5189\/2025\/d. Presupuesto.pdf\" target=\"_blank\" rel=\"noopener\" data-wplink-url-error=\"true\"><strong><i class=\"fas fa-download\" style=\"color:#EE202E\" aria-hidden=\"true\"><\/i> Presupuesto 2025<\/strong><\/a><\/span><\/p>\t\t\t\t\t\t<\/div>\n\t\t\t\t<\/div>\n\t\t\t\t<div class=\"elementor-element elementor-element-8c7fe3f elementor-widget elementor-widget-text-editor\" data-id=\"8c7fe3f\" data-element_type=\"widget\" data-widget_type=\"text-editor.default\">\n\t\t\t\t<div class=\"elementor-widget-container\">\n\t\t\t\t\t\t\t<h4 style=\"text-align: center;\">Diciembre 2025<\/h4><p><span style=\"color: #000000;\"><a style=\"color: #000000;\" href=\"https:\/\/munimingaguazu.gov.py\/v7\/wp-content\/uploads\/ley5189\/2025\/diciembre\/d. Ejecucion de ingresos.PDF\" target=\"_blank\" rel=\"noopener\" data-wplink-url-error=\"true\"><strong><i class=\"fas fa-download\" style=\"color:#EE202E\" aria-hidden=\"true\"><\/i> Ejecuci\u00f3n de Ingresos<\/strong><\/a><\/span><\/p><p><a href=\"https:\/\/munimingaguazu.gov.py\/v7\/wp-content\/uploads\/ley5189\/2025\/diciembre\/d. Ejecucion de egresos.PDF\" target=\"_blank\" rel=\"noopener\" data-wplink-url-error=\"true\"><span style=\"color: #000000;\"><strong><i class=\"fas fa-download\" style=\"color:#EE202E\" aria-hidden=\"true\"><\/i> Ejecuci\u00f3n de Gastos<\/strong><\/span><\/a><\/p><p><a href=\"https:\/\/munimingaguazu.gov.py\/v7\/wp-content\/uploads\/ley5189\/2025\/diciembre\/d. Cuadro de resultados.pdf\" target=\"_blank\" rel=\"noopener\" data-wplink-url-error=\"true\"><span style=\"color: #000000;\"><strong><i class=\"fas fa-download\" style=\"color:#EE202E\" aria-hidden=\"true\"><\/i> Cuadro Resultados<\/strong><\/span><\/a><\/p>\t\t\t\t\t\t<\/div>\n\t\t\t\t<\/div>\n\t\t\t\t<div class=\"elementor-element elementor-element-0393312 elementor-widget elementor-widget-text-editor\" data-id=\"0393312\" data-element_type=\"widget\" data-widget_type=\"text-editor.default\">\n\t\t\t\t<div class=\"elementor-widget-container\">\n\t\t\t\t\t\t\t<h4 style=\"text-align: center;\">Noviembre 2025<\/h4><p><span style=\"color: #000000;\"><a style=\"color: #000000;\" href=\"https:\/\/munimingaguazu.gov.py\/v7\/wp-content\/uploads\/ley5189\/2025\/noviembre\/d. Ejecucion de ingresos - Noviembre.pdf\" target=\"_blank\" rel=\"noopener\" data-wplink-url-error=\"true\"><strong><i class=\"fas fa-download\" style=\"color:#EE202E\" aria-hidden=\"true\"><\/i> Ejecuci\u00f3n de Ingresos<\/strong><\/a><\/span><\/p><p><a href=\"https:\/\/munimingaguazu.gov.py\/v7\/wp-content\/uploads\/ley5189\/2025\/noviembre\/d. Ejecucion de egresos - Noviembre.pdf\" target=\"_blank\" rel=\"noopener\" data-wplink-url-error=\"true\"><span style=\"color: #000000;\"><strong><i class=\"fas fa-download\" style=\"color:#EE202E\" aria-hidden=\"true\"><\/i> Ejecuci\u00f3n de Gastos<\/strong><\/span><\/a><\/p>\t\t\t\t\t\t<\/div>\n\t\t\t\t<\/div>\n\t\t\t\t<div class=\"elementor-element elementor-element-bf2e5e2 elementor-widget elementor-widget-text-editor\" data-id=\"bf2e5e2\" data-element_type=\"widget\" data-widget_type=\"text-editor.default\">\n\t\t\t\t<div class=\"elementor-widget-container\">\n\t\t\t\t\t\t\t<h4 style=\"text-align: center;\">Octubre 2025<\/h4><p><span style=\"color: #000000;\"><a style=\"color: #000000;\" href=\"https:\/\/munimingaguazu.gov.py\/v7\/wp-content\/uploads\/ley5189\/2025\/octubre\/d. Ejecucion de ingresos - OCTUBRE.PDF\" target=\"_blank\" rel=\"noopener\" data-wplink-url-error=\"true\"><strong><i class=\"fas fa-download\" style=\"color:#EE202E\" aria-hidden=\"true\"><\/i> Ejecuci\u00f3n de Ingresos<\/strong><\/a><\/span><\/p><p><a href=\"https:\/\/munimingaguazu.gov.py\/v7\/wp-content\/uploads\/ley5189\/2025\/octubre\/d. Ejecucion de egresos - OCTUBRE.PDF\" target=\"_blank\" rel=\"noopener\" data-wplink-url-error=\"true\"><span style=\"color: #000000;\"><strong><i class=\"fas fa-download\" style=\"color:#EE202E\" aria-hidden=\"true\"><\/i> Ejecuci\u00f3n de Gastos<\/strong><\/span><\/a><\/p>\t\t\t\t\t\t<\/div>\n\t\t\t\t<\/div>\n\t\t\t\t<div class=\"elementor-element elementor-element-01a5e67 elementor-widget elementor-widget-text-editor\" data-id=\"01a5e67\" data-element_type=\"widget\" data-widget_type=\"text-editor.default\">\n\t\t\t\t<div class=\"elementor-widget-container\">\n\t\t\t\t\t\t\t<h4 style=\"text-align: center;\">Septiembre 2025<\/h4><p><span style=\"color: #000000;\"><a style=\"color: #000000;\" href=\"https:\/\/munimingaguazu.gov.py\/v7\/wp-content\/uploads\/ley5189\/2025\/septiembre\/d. Ejecucion de ingresos - SETIEMBRE.PDF\" target=\"_blank\" rel=\"noopener\" data-wplink-url-error=\"true\"><strong><i class=\"fas fa-download\" style=\"color:#EE202E\" aria-hidden=\"true\"><\/i> Ejecuci\u00f3n de Ingresos<\/strong><\/a><\/span><\/p><p><a href=\"https:\/\/munimingaguazu.gov.py\/v7\/wp-content\/uploads\/ley5189\/2025\/septiembre\/d. Ejecucion de egresos - SETIEMBRE.PDF\" target=\"_blank\" rel=\"noopener\" data-wplink-url-error=\"true\" data-wplink-edit=\"true\"><span style=\"color: #000000;\"><strong><i class=\"fas fa-download\" style=\"color:#EE202E\" aria-hidden=\"true\"><\/i> Ejecuci\u00f3n de Gastos<\/strong><\/span><\/a><\/p>\t\t\t\t\t\t<\/div>\n\t\t\t\t<\/div>\n\t\t\t\t<div class=\"elementor-element elementor-element-aa93dab elementor-widget elementor-widget-text-editor\" data-id=\"aa93dab\" data-element_type=\"widget\" data-widget_type=\"text-editor.default\">\n\t\t\t\t<div class=\"elementor-widget-container\">\n\t\t\t\t\t\t\t<h4 style=\"text-align: center;\">Agosto 2025<\/h4><p><span style=\"color: #000000;\"><a style=\"color: #000000;\" href=\"https:\/\/munimingaguazu.gov.py\/v7\/wp-content\/uploads\/ley5189\/2025\/agosto\/D. INGRESOS A AGOSTO 2025.PDF\" target=\"_blank\" rel=\"noopener\" data-wplink-url-error=\"true\"><strong><i class=\"fas fa-download\" style=\"color:#EE202E\" aria-hidden=\"true\"><\/i> Ejecuci\u00f3n de Ingresos<\/strong><\/a><\/span><\/p><p><a href=\"https:\/\/munimingaguazu.gov.py\/v7\/wp-content\/uploads\/ley5189\/2025\/agosto\/D. EGRESOS A AGOSTO 2025.PDF\" data-wplink-url-error=\"true\"><span style=\"color: #000000;\"><strong><i class=\"fas fa-download\" style=\"color:#EE202E\" aria-hidden=\"true\"><\/i> Ejecuci\u00f3n de Gastos<\/strong><\/span><\/a><\/p>\t\t\t\t\t\t<\/div>\n\t\t\t\t<\/div>\n\t\t\t\t<div class=\"elementor-element elementor-element-6fc7cee elementor-widget elementor-widget-text-editor\" data-id=\"6fc7cee\" data-element_type=\"widget\" data-widget_type=\"text-editor.default\">\n\t\t\t\t<div class=\"elementor-widget-container\">\n\t\t\t\t\t\t\t<h4 style=\"text-align: center;\">Julio 2025<\/h4><p><span style=\"color: #000000;\"><a style=\"color: #000000;\" href=\"https:\/\/munimingaguazu.gov.py\/v7\/wp-content\/uploads\/ley5189\/2025\/julio2025\/INGRESOS A JULIO 2025.PDF\" target=\"_blank\" rel=\"noopener\" data-wplink-url-error=\"true\"><strong><i class=\"fas fa-download\" style=\"color:#EE202E\" aria-hidden=\"true\"><\/i> Ejecuci\u00f3n de Ingresos<\/strong><\/a><\/span><\/p><p><a href=\"https:\/\/munimingaguazu.gov.py\/v7\/wp-content\/uploads\/ley5189\/2025\/julio2025\/EJECUCION GASTOS A JULIO 2025.PDF\" data-wplink-url-error=\"true\"><span style=\"color: #000000;\"><strong><i class=\"fas fa-download\" style=\"color:#EE202E\" aria-hidden=\"true\"><\/i> Ejecuci\u00f3n de Gastos<\/strong><\/span><\/a><\/p>\t\t\t\t\t\t<\/div>\n\t\t\t\t<\/div>\n\t\t\t\t\t<\/div>\n\t\t\t\t<\/div>\n\t\t\t\t<\/div>\n\t\t","protected":false},"excerpt":{"rendered":"<p>Presupuesto Presupuesto 2026 Febrero 2026 Ejecuci\u00f3n de Ingresos Ejecuci\u00f3n de Gastos Cuadro Resultados Enero 2026 Ejecuci\u00f3n de Ingresos Ejecuci\u00f3n de Gastos Cuadro Resultados Presupuesto Presupuesto 2025<span class=\"excerpt-hellip\"> [\u2026]<\/span><\/p>\n","protected":false},"author":1,"featured_media":0,"parent":0,"menu_order":0,"comment_status":"open","ping_status":"closed","template":"","meta":{"footnotes":""},"class_list":["post-873","page","type-page","status-publish","hentry"],"_links":{"self":[{"href":"https:\/\/munimingaguazu.gov.py\/v7\/wp-json\/wp\/v2\/pages\/873","targetHints":{"allow":["GET"]}}],"collection":[{"href":"https:\/\/munimingaguazu.gov.py\/v7\/wp-json\/wp\/v2\/pages"}],"about":[{"href":"https:\/\/munimingaguazu.gov.py\/v7\/wp-json\/wp\/v2\/types\/page"}],"author":[{"embeddable":true,"href":"https:\/\/munimingaguazu.gov.py\/v7\/wp-json\/wp\/v2\/users\/1"}],"replies":[{"embeddable":true,"href":"https:\/\/munimingaguazu.gov.py\/v7\/wp-json\/wp\/v2\/comments?post=873"}],"version-history":[{"count":43,"href":"https:\/\/munimingaguazu.gov.py\/v7\/wp-json\/wp\/v2\/pages\/873\/revisions"}],"predecessor-version":[{"id":1179,"href":"https:\/\/munimingaguazu.gov.py\/v7\/wp-json\/wp\/v2\/pages\/873\/revisions\/1179"}],"wp:attachment":[{"href":"https:\/\/munimingaguazu.gov.py\/v7\/wp-json\/wp\/v2\/media?parent=873"}],"curies":[{"name":"wp","href":"https:\/\/api.w.org\/{rel}","templated":true}]}}