{"id":773,"date":"2025-08-21T01:12:36","date_gmt":"2025-08-21T01:12:36","guid":{"rendered":"https:\/\/munimingaguazu.gov.py\/v7\/?page_id=773"},"modified":"2026-02-23T12:33:47","modified_gmt":"2026-02-23T12:33:47","slug":"ley5282","status":"publish","type":"page","link":"https:\/\/munimingaguazu.gov.py\/v7\/ley5282\/","title":{"rendered":"Ley 5282\/14"},"content":{"rendered":"\t\t<div data-elementor-type=\"wp-page\" data-elementor-id=\"773\" class=\"elementor elementor-773\" data-elementor-post-type=\"page\">\n\t\t\t\t\t\t<section class=\"elementor-section elementor-top-section elementor-element elementor-element-6ed60b6 elementor-section-stretched elementor-section-boxed elementor-section-height-default elementor-section-height-default\" data-id=\"6ed60b6\" data-element_type=\"section\" data-settings=\"{&quot;stretch_section&quot;:&quot;section-stretched&quot;,&quot;background_background&quot;:&quot;classic&quot;}\">\n\t\t\t\t\t\t<div class=\"elementor-container elementor-column-gap-wider\">\n\t\t\t\t\t<div class=\"elementor-column elementor-col-100 elementor-top-column elementor-element elementor-element-b0ff094\" data-id=\"b0ff094\" data-element_type=\"column\">\n\t\t\t<div class=\"elementor-widget-wrap elementor-element-populated\">\n\t\t\t\t\t\t<section class=\"elementor-section elementor-inner-section elementor-element elementor-element-107e85b elementor-section-boxed elementor-section-height-default elementor-section-height-default\" data-id=\"107e85b\" data-element_type=\"section\">\n\t\t\t\t\t\t<div class=\"elementor-container elementor-column-gap-default\">\n\t\t\t\t\t<div class=\"elementor-column elementor-col-100 elementor-inner-column elementor-element elementor-element-7f2892d\" data-id=\"7f2892d\" data-element_type=\"column\">\n\t\t\t<div class=\"elementor-widget-wrap elementor-element-populated\">\n\t\t\t\t\t\t<div class=\"elementor-element elementor-element-98b6d90 elementor-widget elementor-widget-heading\" data-id=\"98b6d90\" data-element_type=\"widget\" data-widget_type=\"heading.default\">\n\t\t\t\t<div class=\"elementor-widget-container\">\n\t\t\t<h4 class=\"elementor-heading-title elementor-size-default\">TRANSPARENCIA<\/h4>\t\t<\/div>\n\t\t\t\t<\/div>\n\t\t\t\t<div class=\"elementor-element elementor-element-c6197b2 elementor-widget elementor-widget-heading\" data-id=\"c6197b2\" data-element_type=\"widget\" data-widget_type=\"heading.default\">\n\t\t\t\t<div class=\"elementor-widget-container\">\n\t\t\t<h1 class=\"elementor-heading-title elementor-size-default\">LEY 5282\/2014<\/h1>\t\t<\/div>\n\t\t\t\t<\/div>\n\t\t\t\t\t<\/div>\n\t\t<\/div>\n\t\t\t\t\t<\/div>\n\t\t<\/section>\n\t\t\t\t\t<\/div>\n\t\t<\/div>\n\t\t\t\t\t<\/div>\n\t\t<\/section>\n\t\t<div class=\"elementor-element elementor-element-fe1e3e9 e-flex e-con-boxed e-con e-parent\" data-id=\"fe1e3e9\" data-element_type=\"container\">\n\t\t\t\t\t<div class=\"e-con-inner\">\n\t\t\t\t<div class=\"elementor-element elementor-element-bcd1153 elementor-widget elementor-widget-text-editor\" data-id=\"bcd1153\" data-element_type=\"widget\" data-widget_type=\"text-editor.default\">\n\t\t\t\t<div class=\"elementor-widget-container\">\n\t\t\t\t\t\t\t<p style=\"font-weight: 400;\"><b><strong>Ley N\u00b0 5282 | Garantiza el libre acceso ciudadano a la informaci\u00f3n p\u00fablica y transparencia gubernamental<\/strong><\/b><\/p><p style=\"font-weight: 400;\"><b><strong>Art\u00edculo 8\u00b0<\/strong><\/b>\u00a0Las fuentes p\u00fablicas deben mantener actualizadas y a disposici\u00f3n del p\u00fablico en forma constante, como m\u00ednimo, las siguientes informaciones:<\/p><p><b>a)<\/b>\u00a0<a href=\"https:\/\/munimingaguazu.gov.py\/v7\/organigrama\/\">Su estructura org\u00e1nica<\/a>;<\/p><p><b>b)<\/b>\u00a0<a href=\"https:\/\/munimingaguazu.gov.py\/v7\/wp-content\/uploads\/ley5282\/2026\/b. Manual de funciones.pdf\" data-wplink-url-error=\"true\">Las facultades, deberes, funciones y\/o atribuciones de sus \u00f3rganos y dependencias internas<\/a>;<\/p><p><b>c)<\/b>\u00a0<a href=\"https:\/\/munimingaguazu.gov.py\/v7\/marco-legal\/\">Todo el marco normativo que rija su funcionamiento y las normas constitucionales, legales de alcance nacional o local y reglamentario cuya aplicaci\u00f3n est\u00e9 a su cargo<\/a>;<\/p><p><b>d)<\/b>\u00a0<a href=\"https:\/\/munimingaguazu.gov.py\/v7\/wp-content\/uploads\/ley5282\/2026\/d. Descripcion general del funcionamiento.pdf\" target=\"_blank\" rel=\"noopener\" data-wplink-url-error=\"true\">Una descripci\u00f3n general de c\u00f3mo funciona y cu\u00e1l es el proceso de toma de decisiones<\/a>;<\/p><p><b>e)<\/b>\u00a0<a href=\"https:\/\/munimingaguazu.gov.py\/v7\/nomina-funcionarios\/\">El listado actualizado de todas las personas que cumplan una funci\u00f3n p\u00fablica o sean funcionarios p\u00fablicos, con indicaci\u00f3n de sus n\u00fameros de c\u00e9dula de identidad civil, las funciones que realizan, los salarios u honorarios que perciben en forma mensual, incluyendo todos los adicionales, prestaciones complementarias y\/o vi\u00e1ticos<\/a>;<\/p><p><b>f)<\/b>\u00a0<a href=\"https:\/\/munimingaguazu.gov.py\/v7\/politica-institucional\/\" target=\"_blank\" rel=\"noopener\">Descripci\u00f3n de la pol\u00edtica institucional y de los planes de acci\u00f3n<\/a>;<\/p><p><b>g)<\/b>\u00a0<a href=\"https:\/\/munimingaguazu.gov.py\/v7\/wp-content\/uploads\/ley5282\/2025\/g. Programas acciones y eventos - 2024 y 2025.pdf\" target=\"_blank\" rel=\"noopener\" data-wplink-url-error=\"true\">Descripci\u00f3n de los programas institucionales en ejecuci\u00f3n, con la definici\u00f3n de metas, el grado de ejecuci\u00f3n de las mismas y el presupuesto aplicado a dichos programas, publicando trimestralmente informes de avance de resultados<\/a>;<\/p><p><b>h)<\/b>\u00a0<a href=\"https:\/\/munimingaguazu.gov.py\/v7\/informe-auditoria\">Informes de auditor\u00eda<\/a>;<\/p><p><b>i)<\/b>\u00a0<a href=\"https:\/\/munimingaguazu.gov.py\/v7\/viaticos\/\">Informes de los viajes oficiales realizados dentro del territorio de la Rep\u00fablica o al extranjero<\/a>;<\/p><p><b>j-1)<\/b>\u00a0<a href=\"https:\/\/munimingaguazu.gov.py\/v7\/wp-content\/uploads\/ley5282\/2025\/j. Convenios.pdf\" data-wplink-url-error=\"true\">Convenios<\/a><\/p><p><b>j-2)\u00a0<\/b><a href=\"https:\/\/www.contrataciones.gov.py\/buscador\/contratos.html?nro_nombre_licitacion=&amp;convocantes%5B%5D=233&amp;fecha_desde=01-01-2025&amp;fecha_hasta=31-07-2025&amp;tipo_fecha=FIR&amp;proveedor%5Bproveedor%5D=&amp;estado_contrato=&amp;codigo_contratacion=&amp;catalogo%5Bcodigos_catalogo_n4%5D=&amp;proveedor%5Bproveedor_label%5D=&amp;catalogo%5Bcodigos_catalogo_n4_label%5D=&amp;order=&amp;page=\" target=\"_blank\" rel=\"noopener\">Contratos celebrados, fecha de celebraci\u00f3n, objeto, monto total de la contrataci\u00f3n, plazos de ejecuci\u00f3n, mecanismos de control y rendici\u00f3n de cuentas y, en su caso, estudios de impacto ambiental y\/o planes de gesti\u00f3n ambiental<\/a>;<\/p><p><b>k)<\/b>\u00a0<a href=\"https:\/\/munimingaguazu.gov.py\/v7\/cartas-oficiales\/\">Cartas oficiales<\/a>;<\/p><p><b>l)<\/b>\u00a0<a href=\"https:\/\/munimingaguazu.gov.py\/v7\/wp-content\/uploads\/ley5282\/2025\/l. Informes de Consultorias.pdf\" data-wplink-url-error=\"true\">Informes finales de consultor\u00edas<\/a>;<\/p><p><b>m)<\/b>\u00a0<a href=\"https:\/\/munimingaguazu.gov.py\/v7\/cuadro-resultados\" target=\"_blank\" rel=\"noopener\">Cuadros de resultados<\/a>;<\/p><p><b>n)<\/b>\u00a0<a href=\"https:\/\/munimingaguazu.gov.py\/v7\/wp-content\/uploads\/ley5282\/2025\/n. Poderes vigentes otorgados.pdf\" target=\"_blank\" rel=\"noopener\" data-wplink-url-error=\"true\">Lista de poderes vigentes otorgados a abogados<\/a>;<\/p><p><b>o)<\/b>\u00a0<a href=\"https:\/\/munimingaguazu.gov.py\/v7\/mantenimiento-documentos\/\" target=\"_blank\" rel=\"noopener\">Sistema de mantenimiento, clasificaci\u00f3n e \u00edndice de los documentos existentes<\/a>;<\/p><p><b>p)<\/b>\u00a0<a href=\"https:\/\/munimingaguazu.gov.py\/v7\/wp-content\/uploads\/ley5282\/2025\/p. Descripcion procedimientos previstos.pdf\" target=\"_blank\" rel=\"noopener\" data-wplink-url-error=\"true\">Descripci\u00f3n de los procedimientos previstos para que las personas interesadas puedan acceder a los documentos que obren en su poder, incluyendo el lugar en donde est\u00e1n archivados y el nombre del funcionario responsable<\/a><\/p><p><b>q)<\/b>\u00a0<a href=\"https:\/\/munimingaguazu.gov.py\/v7\/wp-content\/uploads\/ley5282\/2025\/q. Mecanismo de participacion ciudadana.pdf\" target=\"_blank\" rel=\"noopener\" data-wplink-url-error=\"true\">Mecanismos de participaci\u00f3n ciudadana<\/a>.<\/p>\t\t\t\t\t\t<\/div>\n\t\t\t\t<\/div>\n\t\t\t\t\t<\/div>\n\t\t\t\t<\/div>\n\t\t\t\t<\/div>\n\t\t","protected":false},"excerpt":{"rendered":"<p>TRANSPARENCIA LEY 5282\/2014 Ley N\u00b0 5282 | Garantiza el libre acceso ciudadano a la informaci\u00f3n p\u00fablica y transparencia gubernamental Art\u00edculo 8\u00b0\u00a0Las fuentes p\u00fablicas deben mantener actualizadas<span class=\"excerpt-hellip\"> [\u2026]<\/span><\/p>\n","protected":false},"author":1,"featured_media":0,"parent":0,"menu_order":0,"comment_status":"open","ping_status":"closed","template":"","meta":{"footnotes":""},"class_list":["post-773","page","type-page","status-publish","hentry"],"_links":{"self":[{"href":"https:\/\/munimingaguazu.gov.py\/v7\/wp-json\/wp\/v2\/pages\/773","targetHints":{"allow":["GET"]}}],"collection":[{"href":"https:\/\/munimingaguazu.gov.py\/v7\/wp-json\/wp\/v2\/pages"}],"about":[{"href":"https:\/\/munimingaguazu.gov.py\/v7\/wp-json\/wp\/v2\/types\/page"}],"author":[{"embeddable":true,"href":"https:\/\/munimingaguazu.gov.py\/v7\/wp-json\/wp\/v2\/users\/1"}],"replies":[{"embeddable":true,"href":"https:\/\/munimingaguazu.gov.py\/v7\/wp-json\/wp\/v2\/comments?post=773"}],"version-history":[{"count":67,"href":"https:\/\/munimingaguazu.gov.py\/v7\/wp-json\/wp\/v2\/pages\/773\/revisions"}],"predecessor-version":[{"id":1169,"href":"https:\/\/munimingaguazu.gov.py\/v7\/wp-json\/wp\/v2\/pages\/773\/revisions\/1169"}],"wp:attachment":[{"href":"https:\/\/munimingaguazu.gov.py\/v7\/wp-json\/wp\/v2\/media?parent=773"}],"curies":[{"name":"wp","href":"https:\/\/api.w.org\/{rel}","templated":true}]}}