{"id":406,"date":"2025-01-20T11:55:56","date_gmt":"2025-01-20T11:55:56","guid":{"rendered":"https:\/\/munimingaguazu.gov.py\/v7\/?page_id=406"},"modified":"2025-01-20T15:39:49","modified_gmt":"2025-01-20T15:39:49","slug":"mecip","status":"publish","type":"page","link":"https:\/\/munimingaguazu.gov.py\/v7\/mecip\/","title":{"rendered":"MECIP"},"content":{"rendered":"\t\t<div data-elementor-type=\"wp-page\" data-elementor-id=\"406\" class=\"elementor elementor-406\" data-elementor-post-type=\"page\">\n\t\t\t\t\t\t<section class=\"elementor-section elementor-top-section elementor-element elementor-element-6ed60b6 elementor-section-stretched elementor-section-boxed elementor-section-height-default elementor-section-height-default\" data-id=\"6ed60b6\" data-element_type=\"section\" data-settings=\"{&quot;stretch_section&quot;:&quot;section-stretched&quot;,&quot;background_background&quot;:&quot;classic&quot;}\">\n\t\t\t\t\t\t<div class=\"elementor-container elementor-column-gap-wider\">\n\t\t\t\t\t<div class=\"elementor-column elementor-col-100 elementor-top-column elementor-element elementor-element-b0ff094\" data-id=\"b0ff094\" data-element_type=\"column\">\n\t\t\t<div class=\"elementor-widget-wrap elementor-element-populated\">\n\t\t\t\t\t\t<section class=\"elementor-section elementor-inner-section elementor-element elementor-element-107e85b elementor-section-boxed elementor-section-height-default elementor-section-height-default\" data-id=\"107e85b\" data-element_type=\"section\">\n\t\t\t\t\t\t<div class=\"elementor-container elementor-column-gap-default\">\n\t\t\t\t\t<div class=\"elementor-column elementor-col-100 elementor-inner-column elementor-element elementor-element-7f2892d\" data-id=\"7f2892d\" data-element_type=\"column\">\n\t\t\t<div class=\"elementor-widget-wrap\">\n\t\t\t\t\t\t\t<\/div>\n\t\t<\/div>\n\t\t\t\t\t<\/div>\n\t\t<\/section>\n\t\t\t\t\t<\/div>\n\t\t<\/div>\n\t\t\t\t\t<\/div>\n\t\t<\/section>\n\t\t<div class=\"elementor-element elementor-element-656353a e-flex e-con-boxed e-con e-parent\" data-id=\"656353a\" data-element_type=\"container\">\n\t\t\t\t\t<div class=\"e-con-inner\">\n\t\t\t\t<div class=\"elementor-element elementor-element-eb01246 elementor-widget elementor-widget-n-accordion\" data-id=\"eb01246\" data-element_type=\"widget\" data-settings=\"{&quot;default_state&quot;:&quot;all_collapsed&quot;,&quot;max_items_expended&quot;:&quot;one&quot;,&quot;n_accordion_animation_duration&quot;:{&quot;unit&quot;:&quot;ms&quot;,&quot;size&quot;:400,&quot;sizes&quot;:[]}}\" data-widget_type=\"nested-accordion.default\">\n\t\t\t\t<div class=\"elementor-widget-container\">\n\t\t\t\t\t<div class=\"e-n-accordion\" aria-label=\"Accordion. Open links with Enter or Space, close with Escape, and navigate with Arrow Keys\">\n\t\t\t\t\t\t<details id=\"e-n-accordion-item-2460\" class=\"e-n-accordion-item\" >\n\t\t\t\t<summary class=\"e-n-accordion-item-title\" data-accordion-index=\"1\" tabindex=\"0\" aria-expanded=\"false\" aria-controls=\"e-n-accordion-item-2460\" >\n\t\t\t\t\t<span class='e-n-accordion-item-title-header'><div class=\"e-n-accordion-item-title-text\"> 1. AMBIENTE DE CONTROL <\/div><\/span>\n\t\t\t\t\t\t\t<span class='e-n-accordion-item-title-icon'>\n\t\t\t<span class='e-opened' ><svg aria-hidden=\"true\" class=\"e-font-icon-svg e-fas-minus\" viewBox=\"0 0 448 512\" xmlns=\"http:\/\/www.w3.org\/2000\/svg\"><path d=\"M416 208H32c-17.67 0-32 14.33-32 32v32c0 17.67 14.33 32 32 32h384c17.67 0 32-14.33 32-32v-32c0-17.67-14.33-32-32-32z\"><\/path><\/svg><\/span>\n\t\t\t<span class='e-closed'><svg aria-hidden=\"true\" class=\"e-font-icon-svg e-fas-plus\" viewBox=\"0 0 448 512\" xmlns=\"http:\/\/www.w3.org\/2000\/svg\"><path d=\"M416 208H272V64c0-17.67-14.33-32-32-32h-32c-17.67 0-32 14.33-32 32v144H32c-17.67 0-32 14.33-32 32v32c0 17.67 14.33 32 32 32h144v144c0 17.67 14.33 32 32 32h32c17.67 0 32-14.33 32-32V304h144c17.67 0 32-14.33 32-32v-32c0-17.67-14.33-32-32-32z\"><\/path><\/svg><\/span>\n\t\t<\/span>\n\n\t\t\t\t\t\t<\/summary>\n\t\t\t\t<div role=\"region\" aria-labelledby=\"e-n-accordion-item-2460\" class=\"elementor-element elementor-element-c4300e9 e-con-full e-flex e-con e-child\" data-id=\"c4300e9\" data-element_type=\"container\">\n\t\t\t\t<div class=\"elementor-element elementor-element-38ff739 elementor-widget elementor-widget-text-editor\" data-id=\"38ff739\" data-element_type=\"widget\" data-widget_type=\"text-editor.default\">\n\t\t\t\t<div class=\"elementor-widget-container\">\n\t\t\t\t\t\t\t<ul><li><a href=\"https:\/\/munimingaguazu.gov.py\/v7\/wp-content\/uploads\/2025\/01\/Acta-de-Compromiso.pdf\" target=\"_blank\" rel=\"noopener\">Acta de Compromiso<\/a> <span style=\"color: #000000;\"><a style=\"color: #000000;\" href=\"https:\/\/munimingaguazu.gov.py\/v7\/wp-content\/uploads\/2025\/01\/Acta-de-Compromiso.pdf\" target=\"_blank\" rel=\"noopener\"><strong><i class=\"fas fa-download\" style=\"color:#EE202E\" aria-hidden=\"true\"><\/i><\/strong><\/a><\/span><\/li><li><a href=\"https:\/\/munimingaguazu.gov.py\/v7\/wp-content\/uploads\/2025\/01\/RES.-N\u00b0-1183-2023-ADOPCION-DE-LA-NORMA-2.pdf\" target=\"_blank\" rel=\"noopener\">Resoluci\u00f3n de Adopci\u00f3n del MECIP 2015<\/a> <span style=\"color: #000000;\"><a style=\"color: #000000;\" href=\"https:\/\/munimingaguazu.gov.py\/v7\/wp-content\/uploads\/2025\/01\/RES.-N\u00b0-1183-2023-ADOPCION-DE-LA-NORMA-2.pdf\" target=\"_blank\" rel=\"noopener\"><strong><i class=\"fas fa-download\" style=\"color:#EE202E\" aria-hidden=\"true\"><\/i><\/strong><\/a><\/span><\/li><li>\u00a0Resoluci\u00f3n de Conformaci\u00f3n de Equipos de Trabajo del SCI<\/li><li><a href=\"https:\/\/munimingaguazu.gov.py\/v7\/wp-content\/uploads\/2025\/01\/ANEXO-01-RES.-N\u00b0-1358-2023-POLITICA-DE-CONTROL-INTERNO.pdf\" target=\"_blank\" rel=\"noopener\">Pol\u00edtica de Control Interno<\/a>\u00a0<a style=\"text-align: var(--text-align); letter-spacing: 0px; color: #000000;\" href=\"https:\/\/munimingaguazu.gov.py\/v7\/wp-content\/uploads\/2025\/01\/ANEXO-01-RES.-N\u00b0-1358-2023-POLITICA-DE-CONTROL-INTERNO.pdf\" target=\"_blank\" rel=\"noopener\"><strong><i class=\"fas fa-download\" style=\"color:#EE202E\" aria-hidden=\"true\"><\/i><\/strong><\/a><\/li><li><a href=\"https:\/\/munimingaguazu.gov.py\/v7\/wp-content\/uploads\/2025\/01\/RES.-N\u00b0-1851-2023-CODIGO-DE-ETICA.pdf\" target=\"_blank\" rel=\"noopener\">C\u00f3digo de \u00c9tica Institucional<\/a>\u00a0<a style=\"text-align: var(--text-align); letter-spacing: 0px; color: #000000;\" href=\"https:\/\/munimingaguazu.gov.py\/v7\/wp-content\/uploads\/2025\/01\/RES.-N\u00b0-1851-2023-CODIGO-DE-ETICA.pdf\" target=\"_blank\" rel=\"noopener\"><strong><i class=\"fas fa-download\" style=\"color:#EE202E\" aria-hidden=\"true\"><\/i><\/strong><\/a><\/li><li><a href=\"https:\/\/munimingaguazu.gov.py\/v7\/wp-content\/uploads\/2025\/01\/RES.-N\u00b0-1852-2023-CODIGO-DE-BUEN-GOBIERNO.pdf\" target=\"_blank\" rel=\"noopener\">C\u00f3digo de Buen Gobierno<\/a>\u00a0<a style=\"text-align: var(--text-align); letter-spacing: 0px; color: #000000;\" href=\"https:\/\/munimingaguazu.gov.py\/v7\/wp-content\/uploads\/2025\/01\/RES.-N\u00b0-1852-2023-CODIGO-DE-BUEN-GOBIERNO.pdf\" target=\"_blank\" rel=\"noopener\"><strong><i class=\"fas fa-download\" style=\"color:#EE202E\" aria-hidden=\"true\"><\/i><\/strong><\/a><\/li><li><a href=\"https:\/\/munimingaguazu.gov.py\/v7\/wp-content\/uploads\/2025\/01\/RES.-N\u00b0-2041-2023-POLITICA-DE-TALENTO-HUMANO.pdf\" target=\"_blank\" rel=\"noopener\">Pol\u00edtica de Talento Humano<\/a>\u00a0<a style=\"text-align: var(--text-align); letter-spacing: 0px; color: #000000;\" href=\"https:\/\/munimingaguazu.gov.py\/v7\/wp-content\/uploads\/2025\/01\/RES.-N\u00b0-2041-2023-POLITICA-DE-TALENTO-HUMANO.pdf\" target=\"_blank\" rel=\"noopener\"><strong><i class=\"fas fa-download\" style=\"color:#EE202E\" aria-hidden=\"true\"><\/i><\/strong><\/a><\/li><\/ul>\t\t\t\t\t\t<\/div>\n\t\t\t\t<\/div>\n\t\t\t\t<\/div>\n\t\t\t\t\t<\/details>\n\t\t\t\t\t\t<details id=\"e-n-accordion-item-2461\" class=\"e-n-accordion-item\" >\n\t\t\t\t<summary class=\"e-n-accordion-item-title\" data-accordion-index=\"2\" tabindex=\"-1\" aria-expanded=\"false\" aria-controls=\"e-n-accordion-item-2461\" >\n\t\t\t\t\t<span class='e-n-accordion-item-title-header'><div class=\"e-n-accordion-item-title-text\"> 2. CONTROL DE PLANIFICACI\u00d3N <\/div><\/span>\n\t\t\t\t\t\t\t<span class='e-n-accordion-item-title-icon'>\n\t\t\t<span class='e-opened' ><svg aria-hidden=\"true\" class=\"e-font-icon-svg e-fas-minus\" viewBox=\"0 0 448 512\" xmlns=\"http:\/\/www.w3.org\/2000\/svg\"><path d=\"M416 208H32c-17.67 0-32 14.33-32 32v32c0 17.67 14.33 32 32 32h384c17.67 0 32-14.33 32-32v-32c0-17.67-14.33-32-32-32z\"><\/path><\/svg><\/span>\n\t\t\t<span class='e-closed'><svg aria-hidden=\"true\" class=\"e-font-icon-svg e-fas-plus\" viewBox=\"0 0 448 512\" xmlns=\"http:\/\/www.w3.org\/2000\/svg\"><path d=\"M416 208H272V64c0-17.67-14.33-32-32-32h-32c-17.67 0-32 14.33-32 32v144H32c-17.67 0-32 14.33-32 32v32c0 17.67 14.33 32 32 32h144v144c0 17.67 14.33 32 32 32h32c17.67 0 32-14.33 32-32V304h144c17.67 0 32-14.33 32-32v-32c0-17.67-14.33-32-32-32z\"><\/path><\/svg><\/span>\n\t\t<\/span>\n\n\t\t\t\t\t\t<\/summary>\n\t\t\t\t<div role=\"region\" aria-labelledby=\"e-n-accordion-item-2461\" class=\"elementor-element elementor-element-adde0f0 e-con-full e-flex e-con e-child\" data-id=\"adde0f0\" data-element_type=\"container\">\n\t\t\t\t<div class=\"elementor-element elementor-element-2bfe4c6 elementor-widget elementor-widget-text-editor\" data-id=\"2bfe4c6\" data-element_type=\"widget\" data-widget_type=\"text-editor.default\">\n\t\t\t\t<div class=\"elementor-widget-container\">\n\t\t\t\t\t\t\t<ul><li><a href=\"https:\/\/munimingaguazu.gov.py\/v7\/wp-content\/uploads\/2025\/01\/RES.-N\u00b0-1357-2023-APRUBEA-MISION-Y-VISION.pdf\" target=\"_blank\" rel=\"noopener\">Misi\u00f3n y Visi\u00f3n<\/a><a style=\"color: #000000;\" href=\"https:\/\/munimingaguazu.gov.py\/v7\/wp-content\/uploads\/2025\/01\/RES.-N\u00b0-1357-2023-APRUBEA-MISION-Y-VISION.pdf\" target=\"_blank\" rel=\"noopener\"><strong><i class=\"fas fa-download\" style=\"color:#EE202E\" aria-hidden=\"true\"><\/i><\/strong><\/a><\/li><li><a href=\"https:\/\/munimingaguazu.gov.py\/v7\/wp-content\/uploads\/2025\/01\/RES.-N-2042-2023-ESTRUCTURA-ORGANIZACIONAL.pdf\" target=\"_blank\" rel=\"noopener\">Organigrama<\/a><a style=\"color: #000000;\" href=\"https:\/\/munimingaguazu.gov.py\/v7\/wp-content\/uploads\/2025\/01\/RES.-N-2042-2023-ESTRUCTURA-ORGANIZACIONAL.pdf\" target=\"_blank\" rel=\"noopener\"><strong><i class=\"fas fa-download\" style=\"color:#EE202E\" aria-hidden=\"true\"><\/i><\/strong><\/a><\/li><li><a href=\"https:\/\/munimingaguazu.gov.py\/v7\/wp-content\/uploads\/2025\/01\/ANEXO-I-RES.-N\u00b0-2075-2023-PLAN-ESTRATEGICO-INSTITUCIONAL.pdf\" target=\"_blank\" rel=\"noopener\">Plan Estrat\u00e9gico Institucional<\/a><a style=\"color: #000000;\" href=\"https:\/\/munimingaguazu.gov.py\/v7\/wp-content\/uploads\/2025\/01\/ANEXO-I-RES.-N\u00b0-2075-2023-PLAN-ESTRATEGICO-INSTITUCIONAL.pdf\" target=\"_blank\" rel=\"noopener\"><strong><i class=\"fas fa-download\" style=\"color:#EE202E\" aria-hidden=\"true\"><\/i><\/strong><\/a><\/li><li>Manual de Funciones<\/li><li>Mapa de Proceso<\/li><li>Riesgos<\/li><li>Procedimientos<\/li><\/ul>\t\t\t\t\t\t<\/div>\n\t\t\t\t<\/div>\n\t\t\t\t<\/div>\n\t\t\t\t\t<\/details>\n\t\t\t\t\t\t<details id=\"e-n-accordion-item-2462\" class=\"e-n-accordion-item\" >\n\t\t\t\t<summary class=\"e-n-accordion-item-title\" data-accordion-index=\"3\" tabindex=\"-1\" aria-expanded=\"false\" aria-controls=\"e-n-accordion-item-2462\" >\n\t\t\t\t\t<span class='e-n-accordion-item-title-header'><div class=\"e-n-accordion-item-title-text\"> 3. CONTROL PARA LA IMPLEMENTACI\u00d3N <\/div><\/span>\n\t\t\t\t\t\t\t<span class='e-n-accordion-item-title-icon'>\n\t\t\t<span class='e-opened' ><svg aria-hidden=\"true\" class=\"e-font-icon-svg e-fas-minus\" viewBox=\"0 0 448 512\" xmlns=\"http:\/\/www.w3.org\/2000\/svg\"><path d=\"M416 208H32c-17.67 0-32 14.33-32 32v32c0 17.67 14.33 32 32 32h384c17.67 0 32-14.33 32-32v-32c0-17.67-14.33-32-32-32z\"><\/path><\/svg><\/span>\n\t\t\t<span class='e-closed'><svg aria-hidden=\"true\" class=\"e-font-icon-svg e-fas-plus\" viewBox=\"0 0 448 512\" xmlns=\"http:\/\/www.w3.org\/2000\/svg\"><path d=\"M416 208H272V64c0-17.67-14.33-32-32-32h-32c-17.67 0-32 14.33-32 32v144H32c-17.67 0-32 14.33-32 32v32c0 17.67 14.33 32 32 32h144v144c0 17.67 14.33 32 32 32h32c17.67 0 32-14.33 32-32V304h144c17.67 0 32-14.33 32-32v-32c0-17.67-14.33-32-32-32z\"><\/path><\/svg><\/span>\n\t\t<\/span>\n\n\t\t\t\t\t\t<\/summary>\n\t\t\t\t<div role=\"region\" aria-labelledby=\"e-n-accordion-item-2462\" class=\"elementor-element elementor-element-9d072be e-con-full e-flex e-con e-child\" data-id=\"9d072be\" data-element_type=\"container\">\n\t\t\t\t<div class=\"elementor-element elementor-element-3b5de26 elementor-widget elementor-widget-text-editor\" data-id=\"3b5de26\" data-element_type=\"widget\" data-widget_type=\"text-editor.default\">\n\t\t\t\t<div class=\"elementor-widget-container\">\n\t\t\t\t\t\t\t<ul><li><a href=\"https:\/\/munimingaguazu.gov.py\/v7\/wp-content\/uploads\/2025\/01\/RES.-N\u00b0-2.307-2023-MANUAL-DE-POLITICAS-OPERACIONALES-1.pdf\">Politicas Operacionales<\/a><a style=\"color: #000000;\" href=\"https:\/\/munimingaguazu.gov.py\/v7\/wp-content\/uploads\/2025\/01\/RES.-N\u00b0-2.307-2023-MANUAL-DE-POLITICAS-OPERACIONALES-1.pdf\" target=\"_blank\" rel=\"noopener\"><strong><i class=\"fas fa-download\" style=\"color:#EE202E\" aria-hidden=\"true\"><\/i><\/strong><\/a><\/li><li><a href=\"https:\/\/munimingaguazu.gov.py\/v7\/wp-content\/uploads\/2025\/01\/ANEXO-01-RES.-N\u00b0-2308-MANUAL-DE-POLITICAS-DE-COMUNICACION-E-INFORMATICA.pdf\">Comunicaci\u00f3n Interna<\/a><a style=\"color: #000000;\" href=\"https:\/\/munimingaguazu.gov.py\/v7\/wp-content\/uploads\/2025\/01\/ANEXO-01-RES.-N\u00b0-2308-MANUAL-DE-POLITICAS-DE-COMUNICACION-E-INFORMATICA.pdf\" target=\"_blank\" rel=\"noopener\"><strong><i class=\"fas fa-download\" style=\"color:#EE202E\" aria-hidden=\"true\"><\/i><\/strong><\/a><\/li><li>Capacitaciones<\/li><\/ul>\t\t\t\t\t\t<\/div>\n\t\t\t\t<\/div>\n\t\t\t\t<\/div>\n\t\t\t\t\t<\/details>\n\t\t\t\t\t\t<details id=\"e-n-accordion-item-2463\" class=\"e-n-accordion-item\" >\n\t\t\t\t<summary class=\"e-n-accordion-item-title\" data-accordion-index=\"4\" tabindex=\"-1\" aria-expanded=\"false\" aria-controls=\"e-n-accordion-item-2463\" >\n\t\t\t\t\t<span class='e-n-accordion-item-title-header'><div class=\"e-n-accordion-item-title-text\"> 4. COMPONENTE DE CONTROL DE LA EVALUACI\u00d3N <\/div><\/span>\n\t\t\t\t\t\t\t<span class='e-n-accordion-item-title-icon'>\n\t\t\t<span class='e-opened' ><svg aria-hidden=\"true\" class=\"e-font-icon-svg e-fas-minus\" viewBox=\"0 0 448 512\" xmlns=\"http:\/\/www.w3.org\/2000\/svg\"><path d=\"M416 208H32c-17.67 0-32 14.33-32 32v32c0 17.67 14.33 32 32 32h384c17.67 0 32-14.33 32-32v-32c0-17.67-14.33-32-32-32z\"><\/path><\/svg><\/span>\n\t\t\t<span class='e-closed'><svg aria-hidden=\"true\" class=\"e-font-icon-svg e-fas-plus\" viewBox=\"0 0 448 512\" xmlns=\"http:\/\/www.w3.org\/2000\/svg\"><path d=\"M416 208H272V64c0-17.67-14.33-32-32-32h-32c-17.67 0-32 14.33-32 32v144H32c-17.67 0-32 14.33-32 32v32c0 17.67 14.33 32 32 32h144v144c0 17.67 14.33 32 32 32h32c17.67 0 32-14.33 32-32V304h144c17.67 0 32-14.33 32-32v-32c0-17.67-14.33-32-32-32z\"><\/path><\/svg><\/span>\n\t\t<\/span>\n\n\t\t\t\t\t\t<\/summary>\n\t\t\t\t<div role=\"region\" aria-labelledby=\"e-n-accordion-item-2463\" class=\"elementor-element elementor-element-90712f9 e-flex e-con-boxed e-con e-child\" data-id=\"90712f9\" data-element_type=\"container\">\n\t\t\t\t\t<div class=\"e-con-inner\">\n\t\t\t\t<div class=\"elementor-element elementor-element-6d27987 elementor-widget elementor-widget-text-editor\" data-id=\"6d27987\" data-element_type=\"widget\" data-widget_type=\"text-editor.default\">\n\t\t\t\t<div class=\"elementor-widget-container\">\n\t\t\t\t\t\t\t<ul><li>\u00a0Indicadores<\/li><li>Gr\u00e1ficos<\/li><li>Informe Evaluaci\u00f3n del SCI<\/li><\/ul>\t\t\t\t\t\t<\/div>\n\t\t\t\t<\/div>\n\t\t\t\t\t<\/div>\n\t\t\t\t<\/div>\n\t\t\t\t\t<\/details>\n\t\t\t\t\t\t<details id=\"e-n-accordion-item-2464\" class=\"e-n-accordion-item\" >\n\t\t\t\t<summary class=\"e-n-accordion-item-title\" data-accordion-index=\"5\" tabindex=\"-1\" aria-expanded=\"false\" aria-controls=\"e-n-accordion-item-2464\" >\n\t\t\t\t\t<span class='e-n-accordion-item-title-header'><div class=\"e-n-accordion-item-title-text\"> 5. COMPONENTE PARA LA MEJORA <\/div><\/span>\n\t\t\t\t\t\t\t<span class='e-n-accordion-item-title-icon'>\n\t\t\t<span class='e-opened' ><svg aria-hidden=\"true\" class=\"e-font-icon-svg e-fas-minus\" viewBox=\"0 0 448 512\" xmlns=\"http:\/\/www.w3.org\/2000\/svg\"><path d=\"M416 208H32c-17.67 0-32 14.33-32 32v32c0 17.67 14.33 32 32 32h384c17.67 0 32-14.33 32-32v-32c0-17.67-14.33-32-32-32z\"><\/path><\/svg><\/span>\n\t\t\t<span class='e-closed'><svg aria-hidden=\"true\" class=\"e-font-icon-svg e-fas-plus\" viewBox=\"0 0 448 512\" xmlns=\"http:\/\/www.w3.org\/2000\/svg\"><path d=\"M416 208H272V64c0-17.67-14.33-32-32-32h-32c-17.67 0-32 14.33-32 32v144H32c-17.67 0-32 14.33-32 32v32c0 17.67 14.33 32 32 32h144v144c0 17.67 14.33 32 32 32h32c17.67 0 32-14.33 32-32V304h144c17.67 0 32-14.33 32-32v-32c0-17.67-14.33-32-32-32z\"><\/path><\/svg><\/span>\n\t\t<\/span>\n\n\t\t\t\t\t\t<\/summary>\n\t\t\t\t<div role=\"region\" aria-labelledby=\"e-n-accordion-item-2464\" class=\"elementor-element elementor-element-7b99764 e-flex e-con-boxed e-con e-child\" data-id=\"7b99764\" data-element_type=\"container\">\n\t\t\t\t\t<div class=\"e-con-inner\">\n\t\t\t\t<div class=\"elementor-element elementor-element-e754d9e elementor-widget elementor-widget-text-editor\" data-id=\"e754d9e\" data-element_type=\"widget\" data-widget_type=\"text-editor.default\">\n\t\t\t\t<div class=\"elementor-widget-container\">\n\t\t\t\t\t\t\t<ul><li>Plan de Mejoramiento SCI<\/li><li>An\u00e1lisis Cr\u00edtico del SCI<\/li><\/ul>\t\t\t\t\t\t<\/div>\n\t\t\t\t<\/div>\n\t\t\t\t\t<\/div>\n\t\t\t\t<\/div>\n\t\t\t\t\t<\/details>\n\t\t\t\t\t<\/div>\n\t\t\t\t<\/div>\n\t\t\t\t<\/div>\n\t\t\t\t\t<\/div>\n\t\t\t\t<\/div>\n\t\t\t\t<\/div>\n\t\t","protected":false},"excerpt":{"rendered":"<p>1. AMBIENTE DE CONTROL Acta de Compromiso Resoluci\u00f3n de Adopci\u00f3n del MECIP 2015 \u00a0Resoluci\u00f3n de Conformaci\u00f3n de Equipos de Trabajo del SCI Pol\u00edtica de Control Interno\u00a0<span class=\"excerpt-hellip\"> [\u2026]<\/span><\/p>\n","protected":false},"author":1,"featured_media":0,"parent":0,"menu_order":0,"comment_status":"open","ping_status":"closed","template":"","meta":{"footnotes":""},"class_list":["post-406","page","type-page","status-publish","hentry"],"_links":{"self":[{"href":"https:\/\/munimingaguazu.gov.py\/v7\/wp-json\/wp\/v2\/pages\/406","targetHints":{"allow":["GET"]}}],"collection":[{"href":"https:\/\/munimingaguazu.gov.py\/v7\/wp-json\/wp\/v2\/pages"}],"about":[{"href":"https:\/\/munimingaguazu.gov.py\/v7\/wp-json\/wp\/v2\/types\/page"}],"author":[{"embeddable":true,"href":"https:\/\/munimingaguazu.gov.py\/v7\/wp-json\/wp\/v2\/users\/1"}],"replies":[{"embeddable":true,"href":"https:\/\/munimingaguazu.gov.py\/v7\/wp-json\/wp\/v2\/comments?post=406"}],"version-history":[{"count":49,"href":"https:\/\/munimingaguazu.gov.py\/v7\/wp-json\/wp\/v2\/pages\/406\/revisions"}],"predecessor-version":[{"id":503,"href":"https:\/\/munimingaguazu.gov.py\/v7\/wp-json\/wp\/v2\/pages\/406\/revisions\/503"}],"wp:attachment":[{"href":"https:\/\/munimingaguazu.gov.py\/v7\/wp-json\/wp\/v2\/media?parent=406"}],"curies":[{"name":"wp","href":"https:\/\/api.w.org\/{rel}","templated":true}]}}