{"id":348,"date":"2024-12-11T12:12:22","date_gmt":"2024-12-11T12:12:22","guid":{"rendered":"https:\/\/munimingaguazu.gov.py\/v7\/?page_id=348"},"modified":"2025-08-22T11:58:31","modified_gmt":"2025-08-22T11:58:31","slug":"ley5189","status":"publish","type":"page","link":"https:\/\/munimingaguazu.gov.py\/v7\/ley5189\/","title":{"rendered":"Ley 5189\/14"},"content":{"rendered":"\t\t<div data-elementor-type=\"wp-page\" data-elementor-id=\"348\" class=\"elementor elementor-348\" data-elementor-post-type=\"page\">\n\t\t\t\t\t\t<section class=\"elementor-section elementor-top-section elementor-element elementor-element-6ed60b6 elementor-section-stretched elementor-section-boxed elementor-section-height-default elementor-section-height-default\" data-id=\"6ed60b6\" data-element_type=\"section\" data-settings=\"{&quot;stretch_section&quot;:&quot;section-stretched&quot;,&quot;background_background&quot;:&quot;classic&quot;}\">\n\t\t\t\t\t\t<div class=\"elementor-container elementor-column-gap-wider\">\n\t\t\t\t\t<div class=\"elementor-column elementor-col-100 elementor-top-column elementor-element elementor-element-b0ff094\" data-id=\"b0ff094\" data-element_type=\"column\">\n\t\t\t<div class=\"elementor-widget-wrap elementor-element-populated\">\n\t\t\t\t\t\t<section class=\"elementor-section elementor-inner-section elementor-element elementor-element-107e85b elementor-section-boxed elementor-section-height-default elementor-section-height-default\" data-id=\"107e85b\" data-element_type=\"section\">\n\t\t\t\t\t\t<div class=\"elementor-container elementor-column-gap-default\">\n\t\t\t\t\t<div class=\"elementor-column elementor-col-100 elementor-inner-column elementor-element elementor-element-7f2892d\" data-id=\"7f2892d\" data-element_type=\"column\">\n\t\t\t<div class=\"elementor-widget-wrap elementor-element-populated\">\n\t\t\t\t\t\t<div class=\"elementor-element elementor-element-98b6d90 elementor-widget elementor-widget-heading\" data-id=\"98b6d90\" data-element_type=\"widget\" data-widget_type=\"heading.default\">\n\t\t\t\t<div class=\"elementor-widget-container\">\n\t\t\t<h4 class=\"elementor-heading-title elementor-size-default\">TRANSPARENCIA<\/h4>\t\t<\/div>\n\t\t\t\t<\/div>\n\t\t\t\t<div class=\"elementor-element elementor-element-c6197b2 elementor-widget elementor-widget-heading\" data-id=\"c6197b2\" data-element_type=\"widget\" data-widget_type=\"heading.default\">\n\t\t\t\t<div class=\"elementor-widget-container\">\n\t\t\t<h1 class=\"elementor-heading-title elementor-size-default\">LEY 5189\/2014<\/h1>\t\t<\/div>\n\t\t\t\t<\/div>\n\t\t\t\t\t<\/div>\n\t\t<\/div>\n\t\t\t\t\t<\/div>\n\t\t<\/section>\n\t\t\t\t\t<\/div>\n\t\t<\/div>\n\t\t\t\t\t<\/div>\n\t\t<\/section>\n\t\t<div class=\"elementor-element elementor-element-fe1e3e9 e-flex e-con-boxed e-con e-parent\" data-id=\"fe1e3e9\" data-element_type=\"container\">\n\t\t\t\t\t<div class=\"e-con-inner\">\n\t\t\t\t<div class=\"elementor-element elementor-element-bcd1153 elementor-widget elementor-widget-text-editor\" data-id=\"bcd1153\" data-element_type=\"widget\" data-widget_type=\"text-editor.default\">\n\t\t\t\t<div class=\"elementor-widget-container\">\n\t\t\t\t\t\t\t<p style=\"text-align: left;\"><span style=\"color: #000000;\"><b>Ley N\u00b0 5189 del 20 de mayo de 2014. Que establece la obligatoriedad de la provisi\u00f3n de informaciones en el uso de los recursos p\u00fablicos sobre remuneraciones y otras retribuciones asignadas al servidor p\u00fablico de la Rep\u00fablica del Paraguay.<\/b><\/span><\/p><p><span style=\"color: #000000;\"><b>Art\u00edculo 3\u00b0.-<\/b>\u00a0La informaci\u00f3n publicada deber\u00e1 contener:<\/span><\/p><p><b>a)\u00a0<\/b><u><a title=\"Abrir\" href=\"https:\/\/munimingaguazu.gov.py\/v7\/organigrama\/\">Estructura org\u00e1nica y funciones de cada una de las dependencias<\/a><\/u>;<\/p><p><b>b)\u00a0<\/b><u><a href=\"https:\/\/munimingaguazu.gov.py\/v7\/ley5189-contacto\/\">Direcci\u00f3n y tel\u00e9fono de la entidad y de todas las dependencias que la conformen<\/a><\/u>;<\/p><p><b>c)\u00a0<\/b><u><a href=\"https:\/\/munimingaguazu.gov.py\/v7\/nomina-funcionarios\/\">N\u00f3mina completa de los funcionarios permanentes, contratados y de elecci\u00f3n popular, incluyendo n\u00famero de Cedula de Identidad, a\u00f1o de ingreso, salarios, dieta o sueldos que corresponden a cada cargo, gastos de representaci\u00f3n, bonificaciones discriminadas por cada uno de los conceptos establecidos por las normas respectivas, premios y gratificaciones especiales<\/a><\/u>;<\/p><p><b>d)\u00a0<\/b><u><a href=\"https:\/\/munimingaguazu.gov.py\/v7\/presupuesto-ejecuciones\/\" target=\"_blank\" rel=\"noopener\">Presupuesto de ingresos, gastos asignados y anexo de personal para cada ejercicio fiscal con su ejecuci\u00f3n mensual<\/a><\/u>;<\/p><p><b>e)\u00a0<\/b><u><a href=\"https:\/\/munimingaguazu.gov.py\/v7\/viaticos\/\">Detalles de viajes nacionales e internacionales, que sean financiados con fondos p\u00fablicos, incluyendo beneficiario, destino, objetivos del viaje, fecha de realizaci\u00f3n y montos asignados para vi\u00e1ticos, incluyendo un informe final de la misi\u00f3n<\/a><\/u>;<\/p><p><b>f)\u00a0<\/b><u><a href=\"https:\/\/munimingaguazu.gov.py\/v7\/inventario\/\" target=\"_blank\" rel=\"noopener\">Inventario de bienes muebles, inmuebles y veh\u00edculos con que cuentan cada una de las instituciones<\/a><\/u>;<\/p><p><b>g)\u00a0<\/b><u><a href=\"https:\/\/munimingaguazu.gov.py\/v7\/comisionados\/\" target=\"_blank\" rel=\"noopener\">Listado completo de funcionarios comisionados a prestar servicios en otras instituciones, per\u00edodo de comisi\u00f3n y entidad de destino<\/a><\/u>;<\/p><p><b>h)\u00a0<\/b><u><a href=\"https:\/\/munimingaguazu.gov.py\/v7\/comisionados\/\" target=\"_blank\" rel=\"noopener\">Listado completo de funcionarios comisionados de otras instituciones, fecha de inicio y finalizaci\u00f3n de la comisi\u00f3n, entidad de origen y<b>\u00a0<\/b>funciones que desempe\u00f1an<\/a><\/u>; y,<\/p><p><b>i)\u00a0<\/b>Cualquier otra informaci\u00f3n que la entidad considere necesaria para dar a conocer el cumplimiento de su misi\u00f3n y objetivos institucionales.<\/p><p><b>Art\u00edculo 7\u00b0.-\u00a0<\/b><a href=\"https:\/\/munimingaguazu.gov.py\/v7\/informe-anual\"><u>Todas las instituciones y dependencias citadas en el art\u00edculo 2\u00b0 deber\u00e1n publicar cada fin de ejercicio, un resumen total de los ingresos de cada uno de los funcionarios incluyendo, los montos de remuneraciones b\u00e1sicas, adicionales, complementarias, otros gastos de personal y vi\u00e1ticos por cada funcionario o empleado, permanente, contratado o de elecci\u00f3n popular. Estos res\u00famenes deben ser publicados a m\u00e1s tardar para el \u00faltimo d\u00eda h\u00e1bil del mes de enero de cada a\u00f1o<\/u>.<\/a><\/p>\t\t\t\t\t\t<\/div>\n\t\t\t\t<\/div>\n\t\t\t\t\t<\/div>\n\t\t\t\t<\/div>\n\t\t\t\t<\/div>\n\t\t","protected":false},"excerpt":{"rendered":"<p>TRANSPARENCIA LEY 5189\/2014 Ley N\u00b0 5189 del 20 de mayo de 2014. Que establece la obligatoriedad de la provisi\u00f3n de informaciones en el uso de los<span class=\"excerpt-hellip\"> [\u2026]<\/span><\/p>\n","protected":false},"author":1,"featured_media":0,"parent":0,"menu_order":0,"comment_status":"open","ping_status":"closed","template":"","meta":{"footnotes":""},"class_list":["post-348","page","type-page","status-publish","hentry"],"_links":{"self":[{"href":"https:\/\/munimingaguazu.gov.py\/v7\/wp-json\/wp\/v2\/pages\/348","targetHints":{"allow":["GET"]}}],"collection":[{"href":"https:\/\/munimingaguazu.gov.py\/v7\/wp-json\/wp\/v2\/pages"}],"about":[{"href":"https:\/\/munimingaguazu.gov.py\/v7\/wp-json\/wp\/v2\/types\/page"}],"author":[{"embeddable":true,"href":"https:\/\/munimingaguazu.gov.py\/v7\/wp-json\/wp\/v2\/users\/1"}],"replies":[{"embeddable":true,"href":"https:\/\/munimingaguazu.gov.py\/v7\/wp-json\/wp\/v2\/comments?post=348"}],"version-history":[{"count":128,"href":"https:\/\/munimingaguazu.gov.py\/v7\/wp-json\/wp\/v2\/pages\/348\/revisions"}],"predecessor-version":[{"id":881,"href":"https:\/\/munimingaguazu.gov.py\/v7\/wp-json\/wp\/v2\/pages\/348\/revisions\/881"}],"wp:attachment":[{"href":"https:\/\/munimingaguazu.gov.py\/v7\/wp-json\/wp\/v2\/media?parent=348"}],"curies":[{"name":"wp","href":"https:\/\/api.w.org\/{rel}","templated":true}]}}